{"id":62,"date":"2022-11-14T15:45:29","date_gmt":"2022-11-14T15:45:29","guid":{"rendered":"https:\/\/careforce-re.de\/?page_id=62"},"modified":"2022-12-12T13:55:11","modified_gmt":"2022-12-12T13:55:11","slug":"datenschutz","status":"publish","type":"page","link":"https:\/\/careforce-re.de\/?page_id=62","title":{"rendered":"Datenschutz"},"content":{"rendered":"\n<p>Es ist sichergestellt, dass die Vorschriften \u00fcber den Datenschutz auch von beteiligten externen Dienstleistern beachtet werden.<br><br>Registrierung der Zugriffe Alle Zugriffe auf diesen Server werden auf unserem Servern registriert. Es werden Datum und gelesenes Dokument gespeichert. Diese Daten werden f\u00fcr statistische Zwecke ausgewertet. Mit der Benutzung dieses Servers erkl\u00e4ren Sie sich hiermit einverstanden.<br><br>Daten\u00fcbertragung Das Fernmeldegeheimnis sch\u00fctzt grunds\u00e4tzlich auch Ihre Mail-Inhalte und Formulareingaben vor unbefugter Kenntnisnahme und Verarbeitung. Seine Beachtung k\u00f6nnen wir f\u00fcr den Bereich der Careforce Real Estate GmbH sicher stellen. Wir weisen Sie aber darauf hin, dass die Daten\u00fcbertragung \u00fcber das Internet generell von anderen Internet-Betreibern und Nutzern aufgezeichnet werden k\u00f6nnen.<\/p>\n\n\n\n<h3 class=\"wp-block-heading\">Impressum<\/h3>\n\n\n\n<p>Careforce Real Estate GmbH<br>Sickingenstr. 70<br>D-10553 Berlin<br><br>Tel.: +49 30 3480618-0<br>Fax: +49 30 3480618-99<br><br>E-Mail: herdan[at]careforce-re.de<br><br>Registergericht:<br>Amtsgericht Charlottenburg<br>HRB 234067 B<br><br>Steuernummer: 30\/049\/77753<br>FA f. K\u00f6rperschaften I Bln.<br><br>Gesch\u00e4ftsf\u00fchrer:<\/p>\n\n\n\n<p>Andreas Herdan<br>Manfred M\u00fcntjes<br><br>Bildnachweis:<br>Die verwendeten Headerbilder sind durch iStockphoto und Pixabay lizenziert.<br><br>Disclaimer<br>1. Inhalt des Onlineangebotes<br>Bei der Erstellung dieser Webseite werden alle Anstrengungen unternommen, um die darin enthaltenen Informationen m\u00f6glichst aktuell, sachlich korrekt und eindeutig zu halten. Trotz aller Sorgfalt kann es zu unbeabsichtigten Fehlangaben kommen. Careforce Real Estate GmbH schlie\u00dft daher insbesondere jegliche Haftung f\u00fcr Tipp- oder Druckfehler und f\u00fcr die Exaktheit, Vollst\u00e4ndigkeit und Aktualit\u00e4t der auf der Webseite enthaltenen Informationen aus. Die Inhalte der Website werden von Careforce Real Estate GmbH unverbindlich und unter Ausschluss jeglicher Garantien oder Zusicherungen angeboten. Gleiches gilt auch f\u00fcr alle Websites, auf die mittels Hyperlink verwiesen wird. Der Autor \u00fcbernimmt keinerlei Gew\u00e4hr f\u00fcr die Aktualit\u00e4t, Korrektheit, Vollst\u00e4ndigkeit oder Qualit\u00e4t der bereitgestellten Informationen. Haftungsanspr\u00fcche gegen den Autor, welche sich auf Sch\u00e4den materieller oder ideeller Art beziehen, die durch die Nutzung oder Nichtnutzung der dargebotenen Informationen bzw. durch die Nutzung fehlerhafter und unvollst\u00e4ndiger Informationen verursacht wurden, sind grunds\u00e4tzlich ausgeschlossen, sofern seitens des Autors kein nachweislich vors\u00e4tzliches oder grob fahrl\u00e4ssiges Verschulden vorliegt. Alle Angebote sind freibleibend und unverbindlich. Der Autor beh\u00e4lt es sich ausdr\u00fccklich vor, Teile der Seiten oder das gesamte Angebot ohne gesonderte Ank\u00fcndigung zu ver\u00e4ndern, zu erg\u00e4nzen, zu l\u00f6schen oder die Ver\u00f6ffentlichung zeitweise oder endg\u00fcltig einzustellen.<br><br>2. Verweise und Links<br>Bei direkten oder indirekten Verweisen auf fremde Internetseiten (\u201eLinks\u201c), die au\u00dferhalb des Verantwortungsbereiches des Autors liegen, w\u00fcrde eine Haftungsverpflichtung ausschlie\u00dflich in dem Fall in Kraft treten, in dem der Autor von den Inhalten Kenntnis hat und es ihm technisch m\u00f6glich und zumutbar w\u00e4re, die Nutzung im Falle rechtswidriger Inhalte zu verhindern. Der Autor erkl\u00e4rt hiermit ausdr\u00fccklich, dass zum Zeitpunkt der Linksetzung keine illegalen Inhalte auf den zu verlinkenden Seiten erkennbar waren. Auf die aktuelle und zuk\u00fcnftige Gestaltung, die Inhalte oder die Urheberschaft der gelinkten\/verkn\u00fcpften Seiten hat der Autor keinerlei Einfluss. Deshalb distanziert er sich hiermit ausdr\u00fccklich von allen Inhalten aller gelinkten\/verkn\u00fcpften Seiten, die nach der Linksetzung ver\u00e4ndert wurden. Diese Feststellung gilt f\u00fcr alle innerhalb des eigenen Internetangebotes gesetzten Links und Verweise sowie f\u00fcr Fremdeintr\u00e4ge in vom Autor eingerichteten G\u00e4steb\u00fcchern, Diskussionsforen und Mailinglisten. F\u00fcr illegale, fehlerhafte oder unvollst\u00e4ndige Inhalte und insbesondere f\u00fcr Sch\u00e4den, die aus der Nutzung oder Nichtnutzung solcherart dargebotener Informationen entstehen, haftet allein der Anbieter der Seite, auf welche verwiesen wurde, nicht derjenige, der \u00fcber Links auf die jeweilige Ver\u00f6ffentlichung lediglich verweist.<br><br>3. Urheber- und Kennzeichenrecht<br>Der Autor ist bestrebt, in allen Publikationen die Urheberrechte der verwendeten Grafiken, Tondokumente, Videosequenzen und Texte zu beachten, von ihm selbst erstellte Grafiken, Tondokumente, Videosequenzen und Texte zu nutzen oder auf lizenzfreie Grafiken, Tondokumente, Videosequenzen und Texte zur\u00fcckzugreifen. Alle innerhalb des Internetangebotes genannten und ggf. durch Dritte gesch\u00fctzten Marken- und Warenzeichen unterliegen uneingeschr\u00e4nkt den Bestimmungen des jeweils g\u00fcltigen Kennzeichenrechts und den Besitzrechten der jeweiligen eingetragenen Eigent\u00fcmer. Allein aufgrund der blo\u00dfen Nennung ist nicht der Schlu\u00df zu ziehen, dass Markenzeichen nicht durch Rechte Dritter gesch\u00fctzt sind! Das Copyright f\u00fcr ver\u00f6ffentlichte, vom Autor selbst erstellte Objekte bleibt allein beim Autor der Seiten. Eine Vervielf\u00e4ltigung oder Verwendung solcher Grafiken, Tondokumente, Videosequenzen und Texte in anderen elektronischen oder gedruckten Publikationen ist ohne ausdr\u00fccklicher Zustimmung des Autors nicht gestattet.<br><br>4. Datenschutz<br>Sofern innerhalb des Internetangebotes die M\u00f6glichkeit zur Eingabe pers\u00f6nlicher oder gesch\u00e4ftlicher Daten (Emailadressen, Namen, Anschriften) besteht, so erfolgt die Preisgabe dieser Daten seitens des Nutzers auf ausdr\u00fccklich freiwilliger Basis. Die Inanspruchnahme und Bezahlung aller angebotenen Dienste ist \u2013 soweit technisch m\u00f6glich und zumutbar \u2013 auch ohne Angabe solcher Daten bzw. unter Angabe anonymisierter Daten oder eines Pseudonyms gestattet.<br><br>5. Hinweis zum Datenschutz:<br>Auf unserer Website kommen Werbeserver zum Einsatz, mit deren Hilfe die auf den Seiten unserer Website abgebildeten Inserate bedient werden. Dieser Werbepartner bedient sich so genannter Cookies, um die Inserate auf Sie abzustimmen.<br><br>6 Rechtswirksamkeit dieses Haftungsausschlusses<br>Dieser Haftungsausschluss ist als Teil des Internetangebotes zu betrachten, von dem aus auf diese Seite verwiesen wurde. Sofern Teile oder einzelne Formulierungen dieses Textes der geltenden Rechtslage nicht, nicht mehr oder nicht vollst\u00e4ndig entsprechen sollten, bleiben die \u00fcbrigen Teile des Dokumentes in ihrem Inhalt und ihrer G\u00fcltigkeit davon unber\u00fchrt.<\/p>\n","protected":false},"excerpt":{"rendered":"<p>Es ist sichergestellt, dass die Vorschriften \u00fcber den Datenschutz auch von beteiligten externen Dienstleistern beachtet werden. Registrierung der Zugriffe Alle Zugriffe auf diesen Server werden auf unserem Servern registriert. Es werden Datum und gelesenes Dokument gespeichert. Diese Daten werden f\u00fcr statistische Zwecke ausgewertet. Mit der Benutzung dieses Servers erkl\u00e4ren Sie sich hiermit einverstanden. Daten\u00fcbertragung Das&hellip; <br \/> <a class=\"read-more\" href=\"https:\/\/careforce-re.de\/?page_id=62\">Weiterlesen<\/a><\/p>\n","protected":false},"author":1,"featured_media":155,"parent":0,"menu_order":0,"comment_status":"closed","ping_status":"closed","template":"","meta":{"footnotes":""},"class_list":["post-62","page","type-page","status-publish","has-post-thumbnail","hentry"],"_links":{"self":[{"href":"https:\/\/careforce-re.de\/index.php?rest_route=\/wp\/v2\/pages\/62","targetHints":{"allow":["GET"]}}],"collection":[{"href":"https:\/\/careforce-re.de\/index.php?rest_route=\/wp\/v2\/pages"}],"about":[{"href":"https:\/\/careforce-re.de\/index.php?rest_route=\/wp\/v2\/types\/page"}],"author":[{"embeddable":true,"href":"https:\/\/careforce-re.de\/index.php?rest_route=\/wp\/v2\/users\/1"}],"replies":[{"embeddable":true,"href":"https:\/\/careforce-re.de\/index.php?rest_route=%2Fwp%2Fv2%2Fcomments&post=62"}],"version-history":[{"count":4,"href":"https:\/\/careforce-re.de\/index.php?rest_route=\/wp\/v2\/pages\/62\/revisions"}],"predecessor-version":[{"id":212,"href":"https:\/\/careforce-re.de\/index.php?rest_route=\/wp\/v2\/pages\/62\/revisions\/212"}],"wp:featuredmedia":[{"embeddable":true,"href":"https:\/\/careforce-re.de\/index.php?rest_route=\/wp\/v2\/media\/155"}],"wp:attachment":[{"href":"https:\/\/careforce-re.de\/index.php?rest_route=%2Fwp%2Fv2%2Fmedia&parent=62"}],"curies":[{"name":"wp","href":"https:\/\/api.w.org\/{rel}","templated":true}]}}